{"id":1868,"date":"2024-07-17T18:11:18","date_gmt":"2024-07-17T16:11:18","guid":{"rendered":"https:\/\/grubsa.com\/?page_id=1868"},"modified":"2024-07-17T18:12:35","modified_gmt":"2024-07-17T16:12:35","slug":"aviso-de-privacidad","status":"publish","type":"page","link":"https:\/\/grubsa.com\/en\/aviso-de-privacidad\/","title":{"rendered":"Aviso de Privacidad"},"content":{"rendered":"<div data-elementor-type=\"wp-page\" data-elementor-id=\"1868\" class=\"elementor elementor-1868\" data-elementor-settings=\"{&quot;ha_cmc_init_switcher&quot;:&quot;no&quot;}\">\n\t\t\t\t<div class=\"elementor-element elementor-element-bfd5264 e-flex e-con-boxed e-con e-parent\" data-id=\"bfd5264\" data-element_type=\"container\" data-settings=\"{&quot;_ha_eqh_enable&quot;:false}\">\n\t\t\t\t\t<div class=\"e-con-inner\">\n\t\t\t\t<div class=\"elementor-element elementor-element-9e91829 elementor-widget elementor-widget-text-editor\" data-id=\"9e91829\" data-element_type=\"widget\" data-widget_type=\"text-editor.default\">\n\t\t\t\t<div class=\"elementor-widget-container\">\n\t\t\t\t\t\t\t\t\t<p><strong>Responsable del tratamiento de sus datos personales<\/strong><\/p><p>GRUBSA (en adelante &#8220;la Empresa&#8221;) con domicilio en San Antonio 202, Lomas de Mazatl\u00e1n, 82110 Mazatl\u00e1n, Sin., es responsable de recabar, usar y proteger sus datos personales conforme a lo dispuesto en la Ley Federal de Protecci\u00f3n de Datos Personales en Posesi\u00f3n de los Particulares.<\/p><p><strong>Finalidades del tratamiento de los datos personales<\/strong><\/p><p>Los datos personales que recabamos de usted ser\u00e1n utilizados para las siguientes finalidades:<\/p><ol><li>Proveer los servicios y productos que ha solicitado.<\/li><li>Informar sobre cambios o nuevos productos o servicios que est\u00e9n relacionados con el contratado o adquirido por el cliente.<\/li><li>Cumplir con obligaciones contra\u00eddas con nuestros clientes.<\/li><li>Evaluar la calidad del servicio.<\/li><li>Realizar estudios internos sobre h\u00e1bitos de consumo.<\/li><\/ol><p><strong>Datos personales que se recaban<\/strong><\/p><p>Para las finalidades se\u00f1aladas en el presente aviso de privacidad, podemos recabar sus datos personales de distintas formas:<\/p><ol><li>Cuando usted nos los proporciona directamente.<\/li><li>Cuando visita nuestro sitio de internet o utiliza nuestros servicios en l\u00ednea.<\/li><li>Cuando obtenemos informaci\u00f3n a trav\u00e9s de otras fuentes que est\u00e1n permitidas por la ley.<\/li><\/ol><p>Los datos que recabamos pueden incluir, entre otros:<\/p><ul><li>Nombre<\/li><li>Direcci\u00f3n<\/li><li>Correo electr\u00f3nico<\/li><li>N\u00famero de tel\u00e9fono<\/li><li>Informaci\u00f3n de pago<\/li><\/ul><p><strong>Protecci\u00f3n de sus datos personales<\/strong><\/p><p>La Empresa implementa medidas de seguridad administrativas, t\u00e9cnicas y f\u00edsicas para proteger sus datos personales contra da\u00f1o, p\u00e9rdida, alteraci\u00f3n, destrucci\u00f3n o el uso, acceso o tratamiento no autorizado.<\/p><p><strong>Derechos ARCO (Acceso, Rectificaci\u00f3n, Cancelaci\u00f3n y Oposici\u00f3n)<\/strong><\/p><p>Usted tiene derecho de acceder a sus datos personales que poseemos y a los detalles del tratamiento de los mismos, as\u00ed como a rectificarlos en caso de ser inexactos o incompletos, cancelarlos cuando considere que no se requieren para alguna de las finalidades se\u00f1aladas en el presente aviso de privacidad, est\u00e9n siendo utilizados para finalidades no consentidas o haya finalizado la relaci\u00f3n contractual o de servicio, u oponerse al tratamiento de los mismos para fines espec\u00edficos.<\/p><p>Para ejercer sus derechos ARCO, puede contactarnos a trav\u00e9s del correo electr\u00f3nico:info@grubsa.com o en la direcci\u00f3n: San Antonio 202, Lomas de Mazatl\u00e1n, 82110 Mazatl\u00e1n, Sin.<\/p><p><strong>Cambios en el aviso de privacidad<\/strong><\/p><p>Nos reservamos el derecho de efectuar en cualquier momento modificaciones o actualizaciones al presente aviso de privacidad, para la atenci\u00f3n de novedades legislativas o pol\u00edticas internas. Estas modificaciones estar\u00e1n disponibles al p\u00fablico a trav\u00e9s de nuestra p\u00e1gina de internet www.grubsa.com<\/p><p><strong>Consentimiento<\/strong><\/p><p>Al proporcionar sus datos personales, usted consiente que estos sean tratados conforme a los t\u00e9rminos y condiciones del presente aviso de privacidad.<\/p><p><strong>Contacto<\/strong><\/p><p>Si tiene alguna pregunta o preocupaci\u00f3n sobre el tratamiento de sus datos personales, no dude en contactarnos a trav\u00e9s del correo electr\u00f3nico: info@grubsa.com o en la direcci\u00f3n: San Antonio 202, Lomas de Mazatl\u00e1n, 82110 Mazatl\u00e1n, Sin..<\/p>\t\t\t\t\t\t\t\t<\/div>\n\t\t\t\t<\/div>\n\t\t\t\t\t<\/div>\n\t\t\t\t<\/div>\n\t\t\t\t<\/div>","protected":false},"excerpt":{"rendered":"<p>Responsable del tratamiento de sus datos personales GRUBSA (en adelante &#8220;la Empresa&#8221;) con domicilio en San Antonio 202, Lomas de Mazatl\u00e1n, 82110 Mazatl\u00e1n, Sin., es responsable de recabar, usar y proteger sus datos personales conforme a lo dispuesto en la Ley Federal de Protecci\u00f3n de Datos Personales en Posesi\u00f3n de los Particulares. Finalidades del tratamiento&#8230;<\/p>","protected":false},"author":1,"featured_media":0,"parent":0,"menu_order":0,"comment_status":"closed","ping_status":"closed","template":"","meta":{"footnotes":""},"class_list":["post-1868","page","type-page","status-publish","hentry"],"rttpg_featured_image_url":null,"rttpg_author":{"display_name":"admin","author_link":"https:\/\/grubsa.com\/en\/author\/admin\/"},"rttpg_comment":0,"rttpg_category":null,"rttpg_excerpt":"Responsable del tratamiento de sus datos personales GRUBSA (en adelante &#8220;la Empresa&#8221;) con domicilio en San Antonio 202, Lomas de Mazatl\u00e1n, 82110 Mazatl\u00e1n, Sin., es responsable de recabar, usar y proteger sus datos personales conforme a lo dispuesto en la Ley Federal de Protecci\u00f3n de Datos Personales en Posesi\u00f3n de los Particulares. Finalidades del tratamiento...","_links":{"self":[{"href":"https:\/\/grubsa.com\/en\/wp-json\/wp\/v2\/pages\/1868","targetHints":{"allow":["GET"]}}],"collection":[{"href":"https:\/\/grubsa.com\/en\/wp-json\/wp\/v2\/pages"}],"about":[{"href":"https:\/\/grubsa.com\/en\/wp-json\/wp\/v2\/types\/page"}],"author":[{"embeddable":true,"href":"https:\/\/grubsa.com\/en\/wp-json\/wp\/v2\/users\/1"}],"replies":[{"embeddable":true,"href":"https:\/\/grubsa.com\/en\/wp-json\/wp\/v2\/comments?post=1868"}],"version-history":[{"count":3,"href":"https:\/\/grubsa.com\/en\/wp-json\/wp\/v2\/pages\/1868\/revisions"}],"predecessor-version":[{"id":1871,"href":"https:\/\/grubsa.com\/en\/wp-json\/wp\/v2\/pages\/1868\/revisions\/1871"}],"wp:attachment":[{"href":"https:\/\/grubsa.com\/en\/wp-json\/wp\/v2\/media?parent=1868"}],"curies":[{"name":"wp","href":"https:\/\/api.w.org\/{rel}","templated":true}]}}